{"id":388,"date":"2025-03-07T10:16:58","date_gmt":"2025-03-07T09:16:58","guid":{"rendered":"https:\/\/myparejoviladecans.es\/?page_id=388"},"modified":"2025-03-14T13:00:55","modified_gmt":"2025-03-14T12:00:55","slug":"puntos-de-interes","status":"publish","type":"page","link":"https:\/\/myparejoviladecans.es\/index.php\/puntos-de-interes\/","title":{"rendered":"Puntos de inter\u00e9s"},"content":{"rendered":"<form role=\"search\" method=\"get\" action=\"https:\/\/myparejoviladecans.es\/\" class=\"wp-block-search__button-outside wp-block-search__text-button wp-block-search\"    ><label class=\"wp-block-search__label\" for=\"wp-block-search__input-1\" >Buscar<\/label><div class=\"wp-block-search__inside-wrapper\" ><input class=\"wp-block-search__input\" id=\"wp-block-search__input-1\" placeholder=\"\" value=\"\" type=\"search\" name=\"s\" required \/><button aria-label=\"Buscar\" class=\"wp-block-search__button wp-element-button\" type=\"submit\" >Buscar<\/button><\/div><\/form>\n\n\n<ul class=\"wp-block-list\">\n<li><a href=\"https:\/\/myparejoviladecans.es\/index.php\/arcen\/\" data-type=\"link\" data-id=\"https:\/\/myparejoviladecans.es\/index.php\/2025\/03\/07\/uso-del-arcen\/\"><strong>USO DEL <\/strong><\/a><a href=\"https:\/\/myparejoviladecans.es\/index.php\/arcen\/\" data-type=\"link\" data-id=\"https:\/\/vimeo.com\/1063494660?share=copy#t=0\"><strong>ARC\u00c9N<\/strong><\/a><\/li>\n\n\n\n<li><a href=\"https:\/\/myparejoviladecans.es\/index.php\/carriles-especiales\/\" data-type=\"link\" data-id=\"https:\/\/vimeo.com\/1063500445?share=copy#t=0\"><strong>CARRILES ESPECIALES<\/strong><\/a><\/li>\n\n\n\n<li><a href=\"https:\/\/myparejoviladecans.es\/index.php\/separacion-frontal\/\" data-type=\"link\" data-id=\"https:\/\/myparejoviladecans.es\/index.php\/separacion-frontal\/\"><strong>SEPARACI\u00d3N FRONTAL<\/strong><\/a><\/li>\n\n\n\n<li><a href=\"https:\/\/myparejoviladecans.es\/index.php\/separacion-lateral\/\" data-type=\"link\" data-id=\"https:\/\/myparejoviladecans.es\/index.php\/separacion-lateral\/\"><strong>SEPARACI\u00d3N LATERAL<\/strong><\/a><\/li>\n\n\n\n<li><a href=\"https:\/\/myparejoviladecans.es\/index.php\/velocidades\/\" data-type=\"link\" data-id=\"https:\/\/myparejoviladecans.es\/index.php\/velocidades\/\"><strong>VELOCIDADES<\/strong><\/a><\/li>\n\n\n\n<li><a href=\"https:\/\/myparejoviladecans.es\/index.php\/incorporacion\/\" data-type=\"link\" data-id=\"https:\/\/myparejoviladecans.es\/index.php\/incorporacion\/\"><strong>INCORPORACI\u00d3N<\/strong><\/a><\/li>\n\n\n\n<li><a href=\"https:\/\/myparejoviladecans.es\/index.php\/prohibiones-adelantamiento\/\" data-type=\"link\" data-id=\"https:\/\/myparejoviladecans.es\/index.php\/prohibiones-adelantamiento\/\"><strong>PROHIBICIONES DEL ADELANTAMIENTO<\/strong><\/a><\/li>\n\n\n\n<li><strong><a href=\"https:\/\/myparejoviladecans.es\/index.php\/inmovilizaciones\/\" data-type=\"link\" data-id=\"https:\/\/myparejoviladecans.es\/index.php\/inmovilizaciones\/\">INMOVILIZACIONES ( DETENCI\u00d3N, PARADA Y ESTACIONAMIENTO )<\/a><\/strong><\/li>\n\n\n\n<li><a href=\"https:\/\/myparejoviladecans.es\/index.php\/marcha-atras\/\" data-type=\"link\" data-id=\"https:\/\/myparejoviladecans.es\/index.php\/marcha-atras\/\"><strong>MARCHA ATR\u00c1S<\/strong><\/a><\/li>\n\n\n\n<li><a href=\"https:\/\/myparejoviladecans.es\/index.php\/ceder-el-paso-a-la-derecha\/\" data-type=\"link\" data-id=\"https:\/\/myparejoviladecans.es\/index.php\/ceder-el-paso-a-la-derecha\/\"><strong>CEDER EL PASO A LA DERECHA<\/strong><\/a><\/li>\n\n\n\n<li><a href=\"https:\/\/myparejoviladecans.es\/index.php\/estrechamientos\/\" data-type=\"link\" data-id=\"https:\/\/myparejoviladecans.es\/index.php\/estrechamientos\/\"><strong>ESTRECHAMIENTOS<\/strong><\/a><\/li>\n\n\n\n<li><a href=\"https:\/\/myparejoviladecans.es\/index.php\/461-2\/\" data-type=\"link\" data-id=\"https:\/\/myparejoviladecans.es\/index.php\/461-2\/\"><strong>TRANSPORTE DE PERSONAS<\/strong><\/a><\/li>\n\n\n\n<li><a href=\"https:\/\/myparejoviladecans.es\/index.php\/transporte-de-mercancias\/\" data-type=\"link\" data-id=\"https:\/\/myparejoviladecans.es\/index.php\/transporte-de-mercancias\/\"><strong>TRANSPORTE DE MERCANCIAS<\/strong><\/a><\/li>\n\n\n\n<li><a href=\"https:\/\/myparejoviladecans.es\/index.php\/senalizacion-de-la-carga\/\" data-type=\"link\" data-id=\"https:\/\/myparejoviladecans.es\/index.php\/senalizacion-de-la-carga\/\"><strong>SE\u00d1ALIZACION DE LA CARGA<\/strong><\/a><\/li>\n\n\n\n<li><strong><a href=\"https:\/\/myparejoviladecans.es\/index.php\/luces-de-posicion\/\" data-type=\"link\" data-id=\"https:\/\/myparejoviladecans.es\/index.php\/luces-de-posicion\/\">LUZ DE POSICI\u00d3N<\/a><\/strong><\/li>\n\n\n\n<li><a href=\"https:\/\/myparejoviladecans.es\/index.php\/luz-de-cruce\/\"><strong>LUZ DE CRUCE<\/strong><\/a><\/li>\n\n\n\n<li><strong><a href=\"https:\/\/myparejoviladecans.es\/index.php\/luz-de-carretera\/\">LUZ DE CARRETERA<\/a><\/strong><\/li>\n\n\n\n<li><strong><a href=\"https:\/\/myparejoviladecans.es\/index.php\/luces-antiniebla\/\">LUCES ANTINIEBLA<\/a><\/strong><\/li>\n\n\n\n<li><strong><a href=\"https:\/\/myparejoviladecans.es\/index.php\/senales-normas-generales\/\">SE\u00d1ALES NORMAS GENERALES<\/a><\/strong><\/li>\n\n\n\n<li><strong><a href=\"https:\/\/myparejoviladecans.es\/index.php\/senales-de-peligro\/\">SE\u00d1ALES DE PELIGRO<\/a><\/strong><\/li>\n\n\n\n<li><strong><a href=\"https:\/\/myparejoviladecans.es\/index.php\/senales-de-prohibicion\/\">SE\u00d1ALES DE PROHIBICI\u00d3N<\/a><\/strong><\/li>\n\n\n\n<li><strong><a href=\"https:\/\/myparejoviladecans.es\/index.php\/senales-prohibicion-e-indicacion\/\">SE\u00d1ALES DE OBLIGACI\u00d3N E INDICACI\u00d3N<\/a><\/strong><\/li>\n\n\n\n<li><strong><a href=\"https:\/\/myparejoviladecans.es\/index.php\/marcas-viales\/\" data-type=\"page\" data-id=\"500\">MARCAS VIALES<\/a><\/strong><\/li>\n<\/ul>\n\n\n\n<p><\/p>\n","protected":false},"excerpt":{"rendered":"","protected":false},"author":1,"featured_media":0,"parent":0,"menu_order":0,"comment_status":"closed","ping_status":"closed","template":"","meta":{"footnotes":""},"class_list":["post-388","page","type-page","status-publish","hentry"],"_links":{"self":[{"href":"https:\/\/myparejoviladecans.es\/index.php\/wp-json\/wp\/v2\/pages\/388","targetHints":{"allow":["GET"]}}],"collection":[{"href":"https:\/\/myparejoviladecans.es\/index.php\/wp-json\/wp\/v2\/pages"}],"about":[{"href":"https:\/\/myparejoviladecans.es\/index.php\/wp-json\/wp\/v2\/types\/page"}],"author":[{"embeddable":true,"href":"https:\/\/myparejoviladecans.es\/index.php\/wp-json\/wp\/v2\/users\/1"}],"replies":[{"embeddable":true,"href":"https:\/\/myparejoviladecans.es\/index.php\/wp-json\/wp\/v2\/comments?post=388"}],"version-history":[{"count":43,"href":"https:\/\/myparejoviladecans.es\/index.php\/wp-json\/wp\/v2\/pages\/388\/revisions"}],"predecessor-version":[{"id":502,"href":"https:\/\/myparejoviladecans.es\/index.php\/wp-json\/wp\/v2\/pages\/388\/revisions\/502"}],"wp:attachment":[{"href":"https:\/\/myparejoviladecans.es\/index.php\/wp-json\/wp\/v2\/media?parent=388"}],"curies":[{"name":"wp","href":"https:\/\/api.w.org\/{rel}","templated":true}]}}